{"id":12,"date":"2022-06-25T23:07:52","date_gmt":"2022-06-25T20:07:52","guid":{"rendered":"https:\/\/boyara.com\/?post_type=product&#038;p=12"},"modified":"2022-06-25T23:10:32","modified_gmt":"2022-06-25T20:10:32","slug":"deneme","status":"publish","type":"product","link":"https:\/\/boyara.com\/index.php\/product\/deneme\/","title":{"rendered":"DENEME"},"content":{"rendered":"<p>B\u00d6YLE G\u00dcZEL \u015e\u00d6YLE G\u00dcZEL ABBOOWWWW<\/p>\n","protected":false},"excerpt":{"rendered":"<p>XHDFDFGDG<\/p>\n","protected":false},"featured_media":0,"comment_status":"open","ping_status":"closed","template":"","meta":{"om_disable_all_campaigns":false,"_monsterinsights_skip_tracking":false,"_monsterinsights_sitenote_active":false,"_monsterinsights_sitenote_note":"","_monsterinsights_sitenote_category":0},"product_cat":[15],"product_tag":[],"_links":{"self":[{"href":"https:\/\/boyara.com\/index.php\/wp-json\/wp\/v2\/product\/12"}],"collection":[{"href":"https:\/\/boyara.com\/index.php\/wp-json\/wp\/v2\/product"}],"about":[{"href":"https:\/\/boyara.com\/index.php\/wp-json\/wp\/v2\/types\/product"}],"replies":[{"embeddable":true,"href":"https:\/\/boyara.com\/index.php\/wp-json\/wp\/v2\/comments?post=12"}],"wp:attachment":[{"href":"https:\/\/boyara.com\/index.php\/wp-json\/wp\/v2\/media?parent=12"}],"wp:term":[{"taxonomy":"product_cat","embeddable":true,"href":"https:\/\/boyara.com\/index.php\/wp-json\/wp\/v2\/product_cat?post=12"},{"taxonomy":"product_tag","embeddable":true,"href":"https:\/\/boyara.com\/index.php\/wp-json\/wp\/v2\/product_tag?post=12"}],"curies":[{"name":"wp","href":"https:\/\/api.w.org\/{rel}","templated":true}]}}